{"id":264081,"date":"2023-11-30T08:43:57","date_gmt":"2023-11-30T06:43:57","guid":{"rendered":"https:\/\/implants-center.dentist\/privacy-policy\/"},"modified":"2026-03-11T02:59:05","modified_gmt":"2026-03-11T00:59:05","slug":"pravila-privatnosti","status":"publish","type":"page","link":"https:\/\/implants-center.dentist\/hr\/pravila-privatnosti\/","title":{"rendered":"Pravila Privatnosti"},"content":{"rendered":"<p>[et_pb_section fb_built=&#8221;1&#8243; next_background_color=&#8221;#ffffff&#8221; _builder_version=&#8221;4.23.1&#8243; _module_preset=&#8221;default&#8221; use_background_color_gradient=&#8221;on&#8221; background_color_gradient_repeat=&#8221;on&#8221; background_color_gradient_direction=&#8221;122deg&#8221; background_color_gradient_stops=&#8221;#ffffff 0%|rgba(255,255,255,0.84) 37%|rgba(237,236,227,0.55) 99%&#8221; background_color_gradient_overlays_image=&#8221;on&#8221; background_enable_image=&#8221;off&#8221; custom_margin=&#8221;0px||0px||false|false&#8221; custom_padding=&#8221;1%||3%||false|false&#8221; bottom_divider_style=&#8221;curve&#8221; bottom_divider_height=&#8221;40px&#8221; global_colors_info=&#8221;{}&#8221;][et_pb_row use_custom_gutter=&#8221;on&#8221; gutter_width=&#8221;1&#8243; _builder_version=&#8221;4.23.1&#8243; _module_preset=&#8221;default&#8221; width_tablet=&#8221;&#8221; width_phone=&#8221;90%&#8221; width_last_edited=&#8221;on|phone&#8221; custom_margin=&#8221;||0px||false|false&#8221; custom_padding=&#8221;||0px||false|false&#8221; global_colors_info=&#8221;{}&#8221;][et_pb_column type=&#8221;4_4&#8243; _builder_version=&#8221;4.23.1&#8243; _module_preset=&#8221;default&#8221; custom_padding=&#8221;2%||||false|false&#8221; global_colors_info=&#8221;{}&#8221;][et_pb_text _builder_version=&#8221;4.23.1&#8243; _module_preset=&#8221;default&#8221; header_font=&#8221;DM Sans|700|||||||&#8221; header_text_color=&#8221;#007C7A&#8221; header_font_size=&#8221;18px&#8221; header_2_font=&#8221;EB Garamond|600|||||||&#8221; header_2_font_size=&#8221;20px&#8221; header_3_font=&#8221;DM Sans|700|||||||&#8221; header_3_text_color=&#8221;#007C7A&#8221; header_3_font_size=&#8221;18px&#8221; header_3_line_height=&#8221;1.3em&#8221; custom_padding=&#8221;||20px||false|false&#8221; custom_padding_tablet=&#8221;||20px||false|false&#8221; custom_padding_phone=&#8221;||5px||false|false&#8221; custom_padding_last_edited=&#8221;on|phone&#8221; text_line_height_tablet=&#8221;&#8221; text_line_height_phone=&#8221;1.8em&#8221; text_line_height_last_edited=&#8221;on|phone&#8221; header_line_height_tablet=&#8221;&#8221; header_line_height_phone=&#8221;1.3em&#8221; header_line_height_last_edited=&#8221;on|phone&#8221; global_colors_info=&#8221;{}&#8221;]<\/p>\n<h3>Dental Implants Center<\/h3>\n<p>[\/et_pb_text][et_pb_divider color=&#8221;#98DAD9&#8243; divider_weight=&#8221;2px&#8221; _builder_version=&#8221;4.23.1&#8243; _module_preset=&#8221;default&#8221; width=&#8221;30%&#8221; width_tablet=&#8221;60%&#8221; width_phone=&#8221;100%&#8221; width_last_edited=&#8221;on|phone&#8221; custom_margin=&#8221;||0px||false|false&#8221; custom_padding=&#8221;||0px||false|false&#8221; global_colors_info=&#8221;{}&#8221;][\/et_pb_divider][et_pb_text _builder_version=&#8221;4.27.6&#8243; _module_preset=&#8221;default&#8221; text_font=&#8221;|700|||||||&#8221; text_text_color=&#8221;#007C7A&#8221; text_font_size=&#8221;18px&#8221; text_line_height=&#8221;2em&#8221; header_font=&#8221;Cormorant Garamond|600|||||||&#8221; header_text_color=&#8221;#007C7A&#8221; header_font_size=&#8221;76px&#8221; header_2_font=&#8221;Cormorant Garamond|700|||||||&#8221; header_2_text_color=&#8221;#007C7A&#8221; header_2_font_size=&#8221;76px&#8221; custom_margin=&#8221;||0px||false|false&#8221; custom_margin_tablet=&#8221;||0px||false|false&#8221; custom_margin_phone=&#8221;-6px||||false|false&#8221; custom_margin_last_edited=&#8221;on|phone&#8221; custom_padding=&#8221;||10px||false|false&#8221; animation_style=&#8221;slide&#8221; animation_duration=&#8221;1500ms&#8221; animation_intensity_slide=&#8221;15%&#8221; header_font_size_tablet=&#8221;55px&#8221; header_font_size_phone=&#8221;42px&#8221; header_font_size_last_edited=&#8221;on|phone&#8221; header_2_text_color_tablet=&#8221;#007C7A&#8221; header_2_text_color_phone=&#8221;#007C7A&#8221; header_2_text_color_last_edited=&#8221;on|phone&#8221; header_2_font_size_tablet=&#8221;76px&#8221; header_2_font_size_phone=&#8221;45px&#8221; header_2_font_size_last_edited=&#8221;on|phone&#8221; global_colors_info=&#8221;{}&#8221;]<\/p>\n<h1>Pravila Privatnosti<\/h1>\n<p>[\/et_pb_text][\/et_pb_column][\/et_pb_row][\/et_pb_section][et_pb_section fb_built=&#8221;1&#8243; custom_padding_last_edited=&#8221;on|phone&#8221; _builder_version=&#8221;4.23.1&#8243; _module_preset=&#8221;default&#8221; custom_padding=&#8221;0px||4%||false|false&#8221; custom_padding_tablet=&#8221;&#8221; custom_padding_phone=&#8221;20px||||false|false&#8221; global_colors_info=&#8221;{}&#8221;][et_pb_row custom_padding_last_edited=&#8221;on|phone&#8221; _builder_version=&#8221;4.23.1&#8243; _module_preset=&#8221;default&#8221; width_tablet=&#8221;&#8221; width_phone=&#8221;90%&#8221; width_last_edited=&#8221;on|phone&#8221; custom_padding_tablet=&#8221;&#8221; custom_padding_phone=&#8221;0px||||false|false&#8221; global_colors_info=&#8221;{}&#8221;][et_pb_column type=&#8221;4_4&#8243; _builder_version=&#8221;4.23.1&#8243; _module_preset=&#8221;default&#8221; global_colors_info=&#8221;{}&#8221;][et_pb_text _builder_version=&#8221;4.27.6&#8243; _module_preset=&#8221;default&#8221; text_font=&#8221;||||||||&#8221; text_text_color=&#8221;#3c3c3c&#8221; text_font_size=&#8221;15px&#8221; text_line_height=&#8221;1.8em&#8221; header_4_font=&#8221;|700|||||||&#8221; header_4_text_color=&#8221;#007C7A&#8221; width=&#8221;100%&#8221; width_tablet=&#8221;100%&#8221; width_phone=&#8221;100%&#8221; width_last_edited=&#8221;on|phone&#8221; module_alignment=&#8221;left&#8221; custom_margin=&#8221;||||false|false&#8221; text_font_size_tablet=&#8221;16px&#8221; text_font_size_phone=&#8221;15px&#8221; text_font_size_last_edited=&#8221;on|phone&#8221; locked=&#8221;off&#8221; global_colors_info=&#8221;{}&#8221;]Dental Implants Center (\u201cmi\u201d, \u201cna\u0161\u201d ili \u201cna\u0161e\u201d) upravlja web stranicom www.implants-center.dentist (u daljnjem tekstu \u201cUsluga\u201d).<br \/>\nOva stranica vas informira o na\u0161im politikama vezanim uz prikupljanje, kori\u0161tenje i otkrivanje osobnih podataka kada koristite na\u0161u Uslugu te o izborima koje imate u vezi s tim podacima. Koristimo va\u0161e podatke kako bismo pru\u017eili i pobolj\u0161ali Uslugu.<br \/>\nKori\u0161tenjem Usluge, sla\u017eete se s prikupljanjem i kori\u0161tenjem informacija u skladu s ovom politikom.<br \/>\nOsim ako nije druga\u010dije definirano u ovoj Politici privatnosti, pojmovi kori\u0161teni u ovoj Politici privatnosti imaju isto zna\u010denje kao i u na\u0161im Uvjetima kori\u0161tenja, dostupnim na www.implants-center.dentist.<\/p>\n<h4>PRIKUPLJANJE I KORI\u0160TENJE INFORMACIJA<\/h4>\n<p>Prikupljamo nekoliko razli\u010ditih tipova informacija u razli\u010dite svrhe kako bismo vam pru\u017eili i pobolj\u0161ali na\u0161u Uslugu.<\/p>\n<h4>VRSTE PRIKUPLJENIH PODATAKA<\/h4>\n<p>Osobni Podaci<br \/>\nPrilikom kori\u0161tenja na\u0161e Usluge, mo\u017eda \u0107emo od vas zatra\u017eiti odre\u0111ene osobne podatke koji vas mogu identificirati (\u201cOsobni podaci\u201d). Osobni podaci mogu uklju\u010divati, ali nisu ograni\u010deni na:<br \/>\nEmail adresu<br \/>\nIme i prezime<br \/>\nBroj telefona<br \/>\nAdresu, dr\u017eavu, po\u0161tanski broj, grad<br \/>\nKola\u010di\u0107e i podatke o kori\u0161tenju<br \/>\nPodaci o kori\u0161tenju<\/p>\n<p>Tako\u0111er mo\u017eemo prikupljati informacije o na\u010dinu pristupa i kori\u0161tenja Usluge (\u201cPodaci o kori\u0161tenju\u201d). Ovi podaci mogu uklju\u010divati informacije poput IP adrese va\u0161eg ra\u010dunala, tipa i verzije preglednika, stranice koje posje\u0107ujete, datum i vrijeme posjeta, vrijeme provedeno na tim stranicama, jedinstvene identifikatore ure\u0111aja i druge dijagnosti\u010dke podatke.<\/p>\n<h4>PRA\u0106ENJE I KOLA\u010cI\u0106I<\/h4>\n<p>Koristimo kola\u010di\u0107e i sli\u010dne tehnologije za pra\u0107enje aktivnosti na na\u0161oj Usluzi i pohranu odre\u0111enih informacija.<br \/>\nKola\u010di\u0107i su datoteke s malom koli\u010dinom podataka, koja mo\u017ee uklju\u010divati anonimni jedinstveni identifikator. Kola\u010di\u0107i se \u0161alju va\u0161em pregledniku s web stranice i pohranjuju na va\u0161em ure\u0111aju. Tako\u0111er koristimo tehnologije pra\u0107enja poput svjetionika, oznaka i skripti za prikupljanje i pra\u0107enje informacija te pobolj\u0161anje i analizu na\u0161e Usluge.<br \/>\nMo\u017eete postaviti svoj preglednik da odbije sve kola\u010di\u0107e ili da vas obavijesti kada se kola\u010di\u0107 \u0161alje. Me\u0111utim, ako ne prihvatite kola\u010di\u0107e, mo\u017eda ne\u0107ete mo\u0107i koristiti neke dijelove na\u0161e Usluge.<\/p>\n<p>Primjeri kola\u010di\u0107a koje koristimo:<br \/>\nKola\u010di\u0107i sesije: Koristimo ih za rad na\u0161e Usluge.<br \/>\nKola\u010di\u0107i preferencija: Koristimo ih za pam\u0107enje va\u0161ih postavki i razli\u010ditih postavki.<br \/>\nSigurnosni kola\u010di\u0107i: Koristimo ih u sigurnosne svrhe.<\/p>\n<h4>KORI\u0160TENJE PODATAKA<\/h4>\n<p>Dental Implants Center koristi prikupljene podatke u razne svrhe:<\/p>\n<p>\u2022\tZa pru\u017eanje i odr\u017eavanje Usluge<br \/>\n\u2022\tZa obavje\u0161tavanje o promjenama u na\u0161oj Usluzi<br \/>\n\u2022\tZa omogu\u0107avanje sudjelovanja u interaktivnim zna\u010dajkama Usluge<br \/>\n\u2022\tZa pru\u017eanje korisni\u010dke podr\u0161ke<br \/>\n\u2022\tZa analizu i pru\u017eanje vrijednih informacija radi pobolj\u0161anja Usluge<br \/>\n\u2022\tZa pra\u0107enje kori\u0161tenja Usluge<br \/>\n\u2022\tZa otkrivanje, sprje\u010davanje i rje\u0161avanje tehni\u010dkih problema<\/p>\n<h4>PRENOS PODATAKA<\/h4>\n<p>Va\u0161i podaci, uklju\u010duju\u0107i osobne podatke, mogu biti preneseni i pohranjeni na ra\u010dunalima izvan va\u0161e dr\u017eave, pokrajine ili zemlje, gdje zakoni o za\u0161titi podataka mogu biti druga\u010diji. Ako se nalazite izvan Hrvatske i odlu\u010dite nam dati svoje podatke, imajte na umu da ih prenosimo u Hrvatsku i tamo ih obra\u0111ujemo. Va\u0161 pristanak na ovu Politiku privatnosti, nakon \u0161to dostavite te podatke, zna\u010di da se sla\u017eete s tim prijenosom. Dental Implants Center poduzet \u0107e sve razumne mjere kako bi osigurao sigurnost va\u0161ih podataka i ne\u0107e ih prenositi u drugu organizaciju ili zemlju bez adekvatnih sigurnosnih mjera.<\/p>\n<h4>OTKRIVANJE PODATAKA<\/h4>\n<p>Zakonske Obveze<br \/>\nDental Implants Center mo\u017ee otkriti va\u0161e osobne podatke ako je to potrebno kako bi:<\/p>\n<p>\u2022\tIspunio zakonsku obvezu<br \/>\n\u2022\tZa\u0161titio prava ili imovinu dental implants center-a<br \/>\n\u2022\tSprije\u010dio mogu\u0107e nezakonite radnje u vezi s uslugom<br \/>\n\u2022\tZa\u0161titio osobnu sigurnost korisnika ili javnosti<br \/>\n\u2022\tZa sprje\u010davanje pravne odgovornosti<\/p>\n<h4>SIGURNOST PODATAKA<\/h4>\n<p>Sigurnost va\u0161ih podataka nam je va\u017ena, no imajte na umu da nijedna metoda prijenosa podataka preko interneta, niti pohrane podataka, nije 100% sigurna. Trudimo se koristiti komercijalno prihva\u0107ene metode kako bismo za\u0161titili va\u0161e osobne podatke, no ne mo\u017eemo jam\u010diti apsolutnu sigurnost.<\/p>\n<h4>PRODAVATELJI USLUGA<\/h4>\n<p>Mo\u017eemo anga\u017eirati tre\u0107e strane kako bi nam pomogle u pru\u017eanju usluge, analiziranju kori\u0161tenja usluge i obavljanju sli\u010dnih zada\u0107a. Te tre\u0107e strane imaju pristup va\u0161im osobnim podacima samo u svrhu obavljanja tih zada\u0107a i obvezne su ih \u010duvati povjerljivima.<\/p>\n<h4>ANALITIKA<\/h4>\n<p>Mo\u017eemo koristiti usluge tre\u0107ih strana za pra\u0107enje i analizu kori\u0161tenja na\u0161e usluge, poput Google Analyticsa.<\/p>\n<p>Google Analytics<br \/>\nGoogle Analytics je usluga web analitike koju pru\u017ea Google, a koja prati i izvje\u0161tava o prometu na web stranici. Google koristi prikupljene podatke za pra\u0107enje i nadzor kori\u0161tenja na\u0161e Usluge. Ti se podaci mogu dijeliti s drugim Googleovim uslugama. Google mo\u017ee koristiti prikupljene podatke kako bi prilagodio i personalizirao oglase unutar vlastite ogla\u0161iva\u010dke mre\u017ee.<br \/>\nMo\u017eete onemogu\u0107iti da va\u0161a aktivnost na ovoj Usluzi bude dostupna Google Analyticsu instaliranjem dodatka za preglednik Google Analytics Opt-out Browser Add-on. Taj dodatak sprje\u010dava da JavaScript Google Analyticsa (ga.js, analytics.js i dc.js) dijeli informacije s Google Analyticsom o va\u0161im aktivnostima posje\u0107ivanja web stranice.<br \/>\nZa vi\u0161e informacija o Googleovim praksama za\u0161tite privatnosti posjetite stranicu:<br \/>\nhttps:\/\/policies.google.com\/privacy?hl=en<\/p>\n<h4>POVEZNICE NA DRUGE STRANICE<\/h4>\n<p>Na\u0161a web stranica mo\u017ee sadr\u017eavati poveznice na druge internetske stranice koje nisu u na\u0161em vlasni\u0161tvu niti pod na\u0161om kontrolom.<br \/>\nAko kliknete na poveznicu tre\u0107e strane, bit \u0107ete preusmjereni na njihovu web stranicu. Napominjemo da te web stranice imaju vlastita pravila privatnosti i uvjete kori\u0161tenja.<br \/>\nPreporu\u010dujemo da prije kori\u0161tenja takvih stranica pro\u010ditate njihovu Politiku privatnosti i Uvjete kori\u0161tenja.<br \/>\nNe preuzimamo odgovornost za sadr\u017eaj, pravila privatnosti, sigurnost podataka niti poslovne prakse web stranica ili usluga tre\u0107ih strana.<\/p>\n<h4>OGRANI\u010cENJE ODGOVORNOSTI<\/h4>\n<p>Informacije objavljene na ovoj web stranici slu\u017ee isklju\u010divo u informativne svrhe i ne predstavljaju zamjenu za stru\u010dni stomatolo\u0161ki pregled, dijagnozu ili terapiju.<br \/>\nZa sve medicinske savjete, dijagnostiku i lije\u010denje potrebno je obratiti se kvalificiranom stomatologu i dogovoriti pregled u stomatolo\u0161koj ordinaciji.<\/p>\n<h4>ZA\u0160TITA OSOBNIH PODATAKA<\/h4>\n<p>Stomatolo\u0161ka klinika obra\u0111uje osobne podatke korisnika u skladu s va\u017ee\u0107im propisima o za\u0161titi osobnih podataka, uklju\u010duju\u0107i:<br \/>\n\u2022\tOp\u0107u uredbu o za\u0161titi podataka (GDPR)<br \/>\n\u2022\tZakon o provedbi Op\u0107e uredbe o za\u0161titi podataka Republike Hrvatske<br \/>\nPodaci koje korisnici dostave putem kontakt obrasca, e-maila ili telefona koriste se isklju\u010divo u svrhu odgovora na upite, pru\u017eanja informacija ili dogovora termina.<br \/>\nOsobni podaci ne\u0107e se dijeliti s tre\u0107im stranama osim ako je to nu\u017eno za izvr\u0161enje usluge ili ako postoji zakonska obveza.<\/p>\n<h4>IZMJENE SADR\u017dAJA<\/h4>\n<p>Zadr\u017eavamo pravo izmjene sadr\u017eaja ove web stranice, kao i pravila privatnosti i uvjeta kori\u0161tenja, u bilo kojem trenutku bez prethodne najave.<br \/>\nSve izmjene stupaju na snagu objavom na ovoj web stranici.<\/p>\n<h4>KONTAKT<\/h4>\n<p>Za sva pitanja vezana uz kori\u0161tenje web stranice ili za\u0161titu osobnih podataka mo\u017eete nas kontaktirati:<\/p>\n<p>\u2022\tTelefon: +385 98 190 6728<br \/>\n\u2022\tAdresa: Dental Implants Center ZAGREB<br \/>\nZagorska ul. 22 \u2013 10 000 Zagreb HRVATSKA[\/et_pb_text][\/et_pb_column][\/et_pb_row][\/et_pb_section]<\/p>\n","protected":false},"excerpt":{"rendered":"<p>Dental Implants CenterPravila PrivatnostiDental Implants Center (\u201cmi\u201d, \u201cna\u0161\u201d ili \u201cna\u0161e\u201d) upravlja web stranicom www.implants-center.dentist (u daljnjem tekstu \u201cUsluga\u201d). Ova stranica vas informira o na\u0161im politikama vezanim uz prikupljanje, kori\u0161tenje i otkrivanje osobnih podataka kada koristite na\u0161u Uslugu te o izborima koje imate u vezi s tim podacima. Koristimo va\u0161e podatke kako bismo pru\u017eili i pobolj\u0161ali [&hellip;]<\/p>\n","protected":false},"author":2,"featured_media":0,"parent":0,"menu_order":0,"comment_status":"closed","ping_status":"open","template":"","meta":{"_et_pb_use_builder":"on","_et_pb_old_content":"","_et_gb_content_width":"","footnotes":""},"class_list":["post-264081","page","type-page","status-publish","hentry"],"yoast_head":"<!-- This site is optimized with the Yoast SEO plugin v27.1.1 - https:\/\/yoast.com\/product\/yoast-seo-wordpress\/ -->\n<title>Pravila Privatnosti - dr. Goran Slivar - Dental Implants Center<\/title>\n<meta name=\"description\" content=\"Pravila Privatnosti -Kori\u0161tenjem Usluge, sla\u017eete se s prikupljanjem i kori\u0161tenjem informacija u skladu s ovom politikom. Osim ako nije...\" \/>\n<meta name=\"robots\" content=\"index, follow, max-snippet:-1, max-image-preview:large, max-video-preview:-1\" \/>\n<link rel=\"canonical\" href=\"https:\/\/implants-center.dentist\/hr\/pravila-privatnosti\/\" \/>\n<meta property=\"og:locale\" content=\"hr_HR\" \/>\n<meta property=\"og:type\" content=\"article\" \/>\n<meta property=\"og:title\" content=\"Pravila Privatnosti - dr. Goran Slivar - Dental Implants Center\" \/>\n<meta property=\"og:description\" content=\"Pravila Privatnosti -Kori\u0161tenjem Usluge, sla\u017eete se s prikupljanjem i kori\u0161tenjem informacija u skladu s ovom politikom. Osim ako nije...\" \/>\n<meta property=\"og:url\" content=\"https:\/\/implants-center.dentist\/hr\/pravila-privatnosti\/\" \/>\n<meta property=\"og:site_name\" content=\"Dental Implants Center dr. Goran Slivar\" \/>\n<meta property=\"article:publisher\" content=\"https:\/\/www.facebook.com\/dentaltourismhr\" \/>\n<meta property=\"article:modified_time\" content=\"2026-03-11T00:59:05+00:00\" \/>\n<meta name=\"twitter:card\" content=\"summary_large_image\" \/>\n<meta name=\"twitter:label1\" content=\"Procijenjeno vrijeme \u010ditanja\" \/>\n\t<meta name=\"twitter:data1\" content=\"6 minuta\" \/>\n<script type=\"application\/ld+json\" class=\"yoast-schema-graph\">{\"@context\":\"https:\/\/schema.org\",\"@graph\":[{\"@type\":\"WebPage\",\"@id\":\"https:\/\/implants-center.dentist\/hr\/pravila-privatnosti\/\",\"url\":\"https:\/\/implants-center.dentist\/hr\/pravila-privatnosti\/\",\"name\":\"Pravila Privatnosti - dr. Goran Slivar - Dental Implants Center\",\"isPartOf\":{\"@id\":\"https:\/\/implants-center.dentist\/hr\/#website\"},\"datePublished\":\"2023-11-30T06:43:57+00:00\",\"dateModified\":\"2026-03-11T00:59:05+00:00\",\"description\":\"Pravila Privatnosti -Kori\u0161tenjem Usluge, sla\u017eete se s prikupljanjem i kori\u0161tenjem informacija u skladu s ovom politikom. Osim ako nije...\",\"breadcrumb\":{\"@id\":\"https:\/\/implants-center.dentist\/hr\/pravila-privatnosti\/#breadcrumb\"},\"inLanguage\":\"hr\",\"potentialAction\":[{\"@type\":\"ReadAction\",\"target\":[\"https:\/\/implants-center.dentist\/hr\/pravila-privatnosti\/\"]}]},{\"@type\":\"BreadcrumbList\",\"@id\":\"https:\/\/implants-center.dentist\/hr\/pravila-privatnosti\/#breadcrumb\",\"itemListElement\":[{\"@type\":\"ListItem\",\"position\":1,\"name\":\"Home\",\"item\":\"https:\/\/implants-center.dentist\/hr\/\"},{\"@type\":\"ListItem\",\"position\":2,\"name\":\"Pravila Privatnosti\"}]},{\"@type\":\"WebSite\",\"@id\":\"https:\/\/implants-center.dentist\/hr\/#website\",\"url\":\"https:\/\/implants-center.dentist\/hr\/\",\"name\":\"Dental Implants Center dr.Goran Slivar\",\"description\":\"Concierge Stomatolog | Straumann Implantati | 3shape TRIOS 6 | coDiagnostix\",\"publisher\":{\"@id\":\"https:\/\/implants-center.dentist\/hr\/#organization\"},\"potentialAction\":[{\"@type\":\"SearchAction\",\"target\":{\"@type\":\"EntryPoint\",\"urlTemplate\":\"https:\/\/implants-center.dentist\/hr\/?s={search_term_string}\"},\"query-input\":{\"@type\":\"PropertyValueSpecification\",\"valueRequired\":true,\"valueName\":\"search_term_string\"}}],\"inLanguage\":\"hr\"},{\"@type\":\"Organization\",\"@id\":\"https:\/\/implants-center.dentist\/hr\/#organization\",\"name\":\"Dental Implants Center dr.Goran Slivar\",\"url\":\"https:\/\/implants-center.dentist\/hr\/\",\"logo\":{\"@type\":\"ImageObject\",\"inLanguage\":\"hr\",\"@id\":\"https:\/\/implants-center.dentist\/hr\/#\/schema\/logo\/image\/\",\"url\":\"https:\/\/implants-center.dentist\/wp-content\/uploads\/2023\/12\/logo4web-dental-implamts-center-dr-goran-slivar-croatia.png\",\"contentUrl\":\"https:\/\/implants-center.dentist\/wp-content\/uploads\/2023\/12\/logo4web-dental-implamts-center-dr-goran-slivar-croatia.png\",\"width\":650,\"height\":133,\"caption\":\"Dental Implants Center dr.Goran Slivar\"},\"image\":{\"@id\":\"https:\/\/implants-center.dentist\/hr\/#\/schema\/logo\/image\/\"},\"sameAs\":[\"https:\/\/www.facebook.com\/dentaltourismhr\"]}]}<\/script>\n<!-- \/ Yoast SEO plugin. -->","yoast_head_json":{"title":"Pravila Privatnosti - dr. Goran Slivar - Dental Implants Center","description":"Pravila Privatnosti -Kori\u0161tenjem Usluge, sla\u017eete se s prikupljanjem i kori\u0161tenjem informacija u skladu s ovom politikom. Osim ako nije...","robots":{"index":"index","follow":"follow","max-snippet":"max-snippet:-1","max-image-preview":"max-image-preview:large","max-video-preview":"max-video-preview:-1"},"canonical":"https:\/\/implants-center.dentist\/hr\/pravila-privatnosti\/","og_locale":"hr_HR","og_type":"article","og_title":"Pravila Privatnosti - dr. Goran Slivar - Dental Implants Center","og_description":"Pravila Privatnosti -Kori\u0161tenjem Usluge, sla\u017eete se s prikupljanjem i kori\u0161tenjem informacija u skladu s ovom politikom. Osim ako nije...","og_url":"https:\/\/implants-center.dentist\/hr\/pravila-privatnosti\/","og_site_name":"Dental Implants Center dr. Goran Slivar","article_publisher":"https:\/\/www.facebook.com\/dentaltourismhr","article_modified_time":"2026-03-11T00:59:05+00:00","twitter_card":"summary_large_image","twitter_misc":{"Procijenjeno vrijeme \u010ditanja":"6 minuta"},"schema":{"@context":"https:\/\/schema.org","@graph":[{"@type":"WebPage","@id":"https:\/\/implants-center.dentist\/hr\/pravila-privatnosti\/","url":"https:\/\/implants-center.dentist\/hr\/pravila-privatnosti\/","name":"Pravila Privatnosti - dr. Goran Slivar - Dental Implants Center","isPartOf":{"@id":"https:\/\/implants-center.dentist\/hr\/#website"},"datePublished":"2023-11-30T06:43:57+00:00","dateModified":"2026-03-11T00:59:05+00:00","description":"Pravila Privatnosti -Kori\u0161tenjem Usluge, sla\u017eete se s prikupljanjem i kori\u0161tenjem informacija u skladu s ovom politikom. Osim ako nije...","breadcrumb":{"@id":"https:\/\/implants-center.dentist\/hr\/pravila-privatnosti\/#breadcrumb"},"inLanguage":"hr","potentialAction":[{"@type":"ReadAction","target":["https:\/\/implants-center.dentist\/hr\/pravila-privatnosti\/"]}]},{"@type":"BreadcrumbList","@id":"https:\/\/implants-center.dentist\/hr\/pravila-privatnosti\/#breadcrumb","itemListElement":[{"@type":"ListItem","position":1,"name":"Home","item":"https:\/\/implants-center.dentist\/hr\/"},{"@type":"ListItem","position":2,"name":"Pravila Privatnosti"}]},{"@type":"WebSite","@id":"https:\/\/implants-center.dentist\/hr\/#website","url":"https:\/\/implants-center.dentist\/hr\/","name":"Dental Implants Center dr.Goran Slivar","description":"Concierge Stomatolog | Straumann Implantati | 3shape TRIOS 6 | coDiagnostix","publisher":{"@id":"https:\/\/implants-center.dentist\/hr\/#organization"},"potentialAction":[{"@type":"SearchAction","target":{"@type":"EntryPoint","urlTemplate":"https:\/\/implants-center.dentist\/hr\/?s={search_term_string}"},"query-input":{"@type":"PropertyValueSpecification","valueRequired":true,"valueName":"search_term_string"}}],"inLanguage":"hr"},{"@type":"Organization","@id":"https:\/\/implants-center.dentist\/hr\/#organization","name":"Dental Implants Center dr.Goran Slivar","url":"https:\/\/implants-center.dentist\/hr\/","logo":{"@type":"ImageObject","inLanguage":"hr","@id":"https:\/\/implants-center.dentist\/hr\/#\/schema\/logo\/image\/","url":"https:\/\/implants-center.dentist\/wp-content\/uploads\/2023\/12\/logo4web-dental-implamts-center-dr-goran-slivar-croatia.png","contentUrl":"https:\/\/implants-center.dentist\/wp-content\/uploads\/2023\/12\/logo4web-dental-implamts-center-dr-goran-slivar-croatia.png","width":650,"height":133,"caption":"Dental Implants Center dr.Goran Slivar"},"image":{"@id":"https:\/\/implants-center.dentist\/hr\/#\/schema\/logo\/image\/"},"sameAs":["https:\/\/www.facebook.com\/dentaltourismhr"]}]}},"_links":{"self":[{"href":"https:\/\/implants-center.dentist\/hr\/wp-json\/wp\/v2\/pages\/264081","targetHints":{"allow":["GET"]}}],"collection":[{"href":"https:\/\/implants-center.dentist\/hr\/wp-json\/wp\/v2\/pages"}],"about":[{"href":"https:\/\/implants-center.dentist\/hr\/wp-json\/wp\/v2\/types\/page"}],"author":[{"embeddable":true,"href":"https:\/\/implants-center.dentist\/hr\/wp-json\/wp\/v2\/users\/2"}],"replies":[{"embeddable":true,"href":"https:\/\/implants-center.dentist\/hr\/wp-json\/wp\/v2\/comments?post=264081"}],"version-history":[{"count":6,"href":"https:\/\/implants-center.dentist\/hr\/wp-json\/wp\/v2\/pages\/264081\/revisions"}],"predecessor-version":[{"id":264691,"href":"https:\/\/implants-center.dentist\/hr\/wp-json\/wp\/v2\/pages\/264081\/revisions\/264691"}],"wp:attachment":[{"href":"https:\/\/implants-center.dentist\/hr\/wp-json\/wp\/v2\/media?parent=264081"}],"curies":[{"name":"wp","href":"https:\/\/api.w.org\/{rel}","templated":true}]}}